{"id":403,"date":"2022-11-08T05:24:31","date_gmt":"2022-11-08T05:24:31","guid":{"rendered":"https:\/\/jahtsinilind.ee\/bluefin-tern\/"},"modified":"2023-01-03T12:06:08","modified_gmt":"2023-01-03T12:06:08","slug":"yacht-sinilind","status":"publish","type":"page","link":"https:\/\/jahtsinilind.ee\/en\/yacht-sinilind\/","title":{"rendered":"Yacht Sinilind"},"content":{"rendered":"<p>[et_pb_section fb_built=&#8221;1&#8243; specialty=&#8221;on&#8221; prev_background_color=&#8221;#ffffff&#8221; next_background_color=&#8221;#ffffff&#8221; module_id=&#8221;sail-bird&#8221; _builder_version=&#8221;4.19.0&#8243; background_image=&#8221;https:\/\/jahtsinilind.ee\/wp-content\/uploads\/2022\/09\/yacht-sails-clear-blue-sky-background-sailing-with-wind-open-sea-ocean-summer-holidays.jpg&#8221; inner_width=&#8221;92%&#8221; inner_width_tablet=&#8221;90%&#8221; inner_width_phone=&#8221;90%&#8221; inner_width_last_edited=&#8221;on|tablet&#8221; inner_max_width=&#8221;1170px&#8221; inner_max_width_tablet=&#8221;90%&#8221; inner_max_width_phone=&#8221;90%&#8221; inner_max_width_last_edited=&#8221;on|phone&#8221; custom_margin=&#8221;60px||||false|false&#8221; custom_padding=&#8221;120px||120px||true|&#8221; top_divider_style=&#8221;wave2&#8243; top_divider_height=&#8221;129px&#8221; top_divider_repeat=&#8221;1x&#8221; bottom_divider_style=&#8221;wave2&#8243; bottom_divider_height=&#8221;234px&#8221; bottom_divider_repeat=&#8221;1x&#8221; animation_style=&#8221;slide&#8221; animation_direction=&#8221;left&#8221; animation_duration=&#8221;1400ms&#8221; animation_delay=&#8221;500ms&#8221; hover_enabled=&#8221;0&#8243; locked=&#8221;off&#8221; global_colors_info=&#8221;{}&#8221; background_last_edited=&#8221;on|phone&#8221; background_color_gradient_stops_phone=&#8221;rgba(4,54,147,0.74) 0%|rgba(0,0,0,0) 100%&#8221; use_background_color_gradient_phone=&#8221;on&#8221; background_color_gradient_overlays_image_phone=&#8221;on&#8221; sticky_enabled=&#8221;0&#8243;][et_pb_column type=&#8221;1_2&#8243; _builder_version=&#8221;4.16&#8243; custom_padding=&#8221;|||&#8221; global_colors_info=&#8221;{}&#8221; custom_padding__hover=&#8221;|||&#8221;][et_pb_text _builder_version=&#8221;4.19.0&#8243; header_font=&#8221;Noto Serif||||||||&#8221; header_text_color=&#8221;#ffffff&#8221; header_font_size=&#8221;31px&#8221; header_line_height=&#8221;1.3em&#8221; custom_margin=&#8221;||||false|false&#8221; hover_enabled=&#8221;0&#8243; global_colors_info=&#8221;{}&#8221; header_font_size_phone=&#8221;25px&#8221; header_font_size_last_edited=&#8221;on|phone&#8221; sticky_enabled=&#8221;0&#8243; header_font_size_tablet=&#8221;31px&#8221;]<\/p>\n<h1>S\/Y Sinilind<\/h1>\n<p>[\/et_pb_text][et_pb_text _builder_version=&#8221;4.19.0&#8243; text_font=&#8221;Open Sans||||||||&#8221; text_text_color=&#8221;#ffffff&#8221; text_font_size=&#8221;16px&#8221; text_line_height=&#8221;1.8em&#8221; custom_margin=&#8221;-4px||||false|false&#8221; custom_padding=&#8221;||28px||false|false&#8221; hover_enabled=&#8221;0&#8243; global_colors_info=&#8221;{}&#8221; link_text_color=&#8221;#FFFFFF&#8221; link_font=&#8221;||||on||||&#8221; sticky_enabled=&#8221;0&#8243;]<\/p>\n<p>Maritime Authority licence no. MS0711122 to carry out paid leisure trips.<\/p>\n<p>Captain V\u00e4ino Hallikm\u00e4gi<\/p>\n<p>Ordering a yacht by phone +372 51 033 73<\/p>\n<p>Home port P\u00e4rnu<\/p>\n<p>[\/et_pb_text][\/et_pb_column][et_pb_column type=&#8221;1_2&#8243; specialty_columns=&#8221;2&#8243; _builder_version=&#8221;4.16&#8243; custom_padding=&#8221;|||&#8221; global_colors_info=&#8221;{}&#8221; custom_padding__hover=&#8221;|||&#8221;][et_pb_row_inner column_structure=&#8221;1_2,1_2&#8243; custom_padding_last_edited=&#8221;on|desktop&#8221; _builder_version=&#8221;4.18.0&#8243; background_color=&#8221;#3F9CC1&#8243; background_enable_image=&#8221;off&#8221; background_size=&#8221;initial&#8221; background_position=&#8221;top_left&#8221; custom_margin=&#8221;-26px||||false|false&#8221; custom_padding=&#8221;100px|85px|100px|85px|true|true&#8221; custom_padding_tablet=&#8221;&#8221; custom_padding_phone=&#8221;48px|20px|50px|20px|false|true&#8221; animation_direction=&#8221;left&#8221; border_radii=&#8221;on|25px|25px|25px|25px&#8221; global_colors_info=&#8221;{}&#8221;][et_pb_column_inner type=&#8221;1_2&#8243; saved_specialty_column_type=&#8221;1_2&#8243; _builder_version=&#8221;4.16&#8243; global_colors_info=&#8221;{}&#8221;][et_pb_blurb title=&#8221;Bavaria 33&#8243; use_icon=&#8221;on&#8221; font_icon=&#8221;&#xf13d;||fa||900&#8243; icon_color=&#8221;#FFFFFF&#8221; icon_placement=&#8221;left&#8221; image_icon_width=&#8221;22px&#8221; content_max_width=&#8221;100%&#8221; _builder_version=&#8221;4.18.0&#8243; header_font=&#8221;Open Sans||||||||&#8221; header_text_color=&#8221;#ffffff&#8221; header_font_size=&#8221;16px&#8221; header_line_height=&#8221;1.4em&#8221; animation=&#8221;off&#8221; image_max_width=&#8221;22px&#8221; global_colors_info=&#8221;{}&#8221;][\/et_pb_blurb][et_pb_blurb title=&#8221;Length 10m&#8221; use_icon=&#8221;on&#8221; font_icon=&#8221;&#x2c;||divi||400&#8243; icon_color=&#8221;#FFFFFF&#8221; icon_placement=&#8221;left&#8221; image_icon_width=&#8221;22px&#8221; content_max_width=&#8221;100%&#8221; _builder_version=&#8221;4.18.0&#8243; header_font=&#8221;Open Sans||||||||&#8221; header_text_color=&#8221;#ffffff&#8221; header_font_size=&#8221;16px&#8221; header_line_height=&#8221;1.4em&#8221; animation=&#8221;off&#8221; image_max_width=&#8221;22px&#8221; global_colors_info=&#8221;{}&#8221;][\/et_pb_blurb][et_pb_blurb title=&#8221;Swimming ladder&#8221; use_icon=&#8221;on&#8221; font_icon=&#8221;&#xf5c5;||fa||900&#8243; icon_color=&#8221;#FFFFFF&#8221; icon_placement=&#8221;left&#8221; image_icon_width=&#8221;22px&#8221; content_max_width=&#8221;100%&#8221; _builder_version=&#8221;4.18.0&#8243; header_font=&#8221;Open Sans||||||||&#8221; header_text_color=&#8221;#ffffff&#8221; header_font_size=&#8221;16px&#8221; header_line_height=&#8221;1.4em&#8221; animation=&#8221;off&#8221; image_max_width=&#8221;22px&#8221; global_colors_info=&#8221;{}&#8221;][\/et_pb_blurb][et_pb_blurb title=&#8221;WC&#8221; use_icon=&#8221;on&#8221; font_icon=&#8221;&#xf7bd;||fa||900&#8243; icon_color=&#8221;#FFFFFF&#8221; icon_placement=&#8221;left&#8221; image_icon_width=&#8221;22px&#8221; content_max_width=&#8221;100%&#8221; _builder_version=&#8221;4.18.0&#8243; header_font=&#8221;Open Sans||||||||&#8221; header_text_color=&#8221;#ffffff&#8221; header_font_size=&#8221;16px&#8221; header_line_height=&#8221;1.4em&#8221; animation=&#8221;off&#8221; image_max_width=&#8221;22px&#8221; global_colors_info=&#8221;{}&#8221;][\/et_pb_blurb][\/et_pb_column_inner][et_pb_column_inner type=&#8221;1_2&#8243; saved_specialty_column_type=&#8221;1_2&#8243; _builder_version=&#8221;4.16&#8243; global_colors_info=&#8221;{}&#8221;][et_pb_blurb title=&#8221;EST 520&#8243; use_icon=&#8221;on&#8221; font_icon=&#8221;&#x68;||divi||400&#8243; icon_color=&#8221;#FFFFFF&#8221; icon_placement=&#8221;left&#8221; image_icon_width=&#8221;22px&#8221; content_max_width=&#8221;100%&#8221; _builder_version=&#8221;4.18.0&#8243; header_font=&#8221;Open Sans||||||||&#8221; header_text_color=&#8221;#ffffff&#8221; header_font_size=&#8221;16px&#8221; header_line_height=&#8221;1.4em&#8221; animation=&#8221;off&#8221; image_max_width=&#8221;22px&#8221; global_colors_info=&#8221;{}&#8221;][\/et_pb_blurb][et_pb_blurb title=&#8221;11 people&#8221; use_icon=&#8221;on&#8221; font_icon=&#8221;&#xf4fc;||fa||900&#8243; icon_color=&#8221;#FFFFFF&#8221; icon_placement=&#8221;left&#8221; image_icon_width=&#8221;22px&#8221; content_max_width=&#8221;100%&#8221; _builder_version=&#8221;4.18.0&#8243; header_font=&#8221;Open Sans||||||||&#8221; header_text_color=&#8221;#ffffff&#8221; header_font_size=&#8221;16px&#8221; header_line_height=&#8221;1.4em&#8221; animation=&#8221;off&#8221; image_max_width=&#8221;22px&#8221; global_colors_info=&#8221;{}&#8221;][\/et_pb_blurb][et_pb_blurb title=&#8221;Kitchen&#8221; use_icon=&#8221;on&#8221; font_icon=&#8221;&#xf2e7;||fa||900&#8243; icon_color=&#8221;#FFFFFF&#8221; icon_placement=&#8221;left&#8221; image_icon_width=&#8221;22px&#8221; content_max_width=&#8221;100%&#8221; _builder_version=&#8221;4.18.0&#8243; header_font=&#8221;Open Sans||||||||&#8221; header_text_color=&#8221;#ffffff&#8221; header_font_size=&#8221;16px&#8221; header_line_height=&#8221;1.4em&#8221; animation=&#8221;off&#8221; image_max_width=&#8221;22px&#8221; global_colors_info=&#8221;{}&#8221;][\/et_pb_blurb][et_pb_blurb title=&#8221;Music (AUX and Bluetooth)&#8221; use_icon=&#8221;on&#8221; font_icon=&#8221;&#xf028;||fa||900&#8243; icon_color=&#8221;#FFFFFF&#8221; icon_placement=&#8221;left&#8221; image_icon_width=&#8221;22px&#8221; content_max_width=&#8221;100%&#8221; _builder_version=&#8221;4.18.0&#8243; header_font=&#8221;Open Sans||||||||&#8221; header_text_color=&#8221;#ffffff&#8221; header_font_size=&#8221;16px&#8221; header_line_height=&#8221;1.4em&#8221; animation=&#8221;off&#8221; image_max_width=&#8221;22px&#8221; global_colors_info=&#8221;{}&#8221;][\/et_pb_blurb][\/et_pb_column_inner][\/et_pb_row_inner][\/et_pb_column][\/et_pb_section]<\/p>\n","protected":false},"excerpt":{"rendered":"<p>S\/Y SinilindMaritime Authority licence no. MS0711122 to carry out paid leisure trips. Captain V\u00e4ino Hallikm\u00e4gi Ordering a yacht by phone +372 51 033 73 Home port P\u00e4rnu<\/p>\n","protected":false},"author":5,"featured_media":0,"parent":0,"menu_order":0,"comment_status":"closed","ping_status":"closed","template":"","meta":{"_et_pb_use_builder":"on","_et_pb_old_content":"","_et_gb_content_width":"","footnotes":""},"class_list":["post-403","page","type-page","status-publish","hentry"],"_links":{"self":[{"href":"https:\/\/jahtsinilind.ee\/en\/wp-json\/wp\/v2\/pages\/403","targetHints":{"allow":["GET"]}}],"collection":[{"href":"https:\/\/jahtsinilind.ee\/en\/wp-json\/wp\/v2\/pages"}],"about":[{"href":"https:\/\/jahtsinilind.ee\/en\/wp-json\/wp\/v2\/types\/page"}],"author":[{"embeddable":true,"href":"https:\/\/jahtsinilind.ee\/en\/wp-json\/wp\/v2\/users\/5"}],"replies":[{"embeddable":true,"href":"https:\/\/jahtsinilind.ee\/en\/wp-json\/wp\/v2\/comments?post=403"}],"version-history":[{"count":11,"href":"https:\/\/jahtsinilind.ee\/en\/wp-json\/wp\/v2\/pages\/403\/revisions"}],"predecessor-version":[{"id":709,"href":"https:\/\/jahtsinilind.ee\/en\/wp-json\/wp\/v2\/pages\/403\/revisions\/709"}],"wp:attachment":[{"href":"https:\/\/jahtsinilind.ee\/en\/wp-json\/wp\/v2\/media?parent=403"}],"curies":[{"name":"wp","href":"https:\/\/api.w.org\/{rel}","templated":true}]}}