{"id":492,"date":"2022-12-01T05:20:18","date_gmt":"2022-12-01T05:20:18","guid":{"rendered":"https:\/\/jahtsinilind.ee\/cruise-in-parnu-bay\/"},"modified":"2023-01-03T10:50:46","modified_gmt":"2023-01-03T10:50:46","slug":"cruise-in-parnu-bay","status":"publish","type":"page","link":"https:\/\/jahtsinilind.ee\/en\/cruise-in-parnu-bay\/","title":{"rendered":"Cruise on P\u00e4rnu Bay"},"content":{"rendered":"<p>[et_pb_section fb_built=&#8221;1&#8243; specialty=&#8221;on&#8221; custom_padding_last_edited=&#8221;on|phone&#8221; prev_background_color=&#8221;#ffffff&#8221; next_background_color=&#8221;#ffffff&#8221; module_id=&#8221;sail-bird&#8221; _builder_version=&#8221;4.19.0&#8243; background_image=&#8221;https:\/\/jahtsinilind.ee\/wp-content\/uploads\/2022\/09\/yacht-sails-clear-blue-sky-background-sailing-with-wind-open-sea-ocean-summer-holidays.jpg&#8221; inner_width=&#8221;92%&#8221; inner_width_tablet=&#8221;90%&#8221; inner_width_phone=&#8221;90%&#8221; inner_width_last_edited=&#8221;on|tablet&#8221; inner_max_width=&#8221;1170px&#8221; inner_max_width_tablet=&#8221;90%&#8221; inner_max_width_phone=&#8221;90%&#8221; inner_max_width_last_edited=&#8221;on|phone&#8221; custom_margin=&#8221;60px||||false|false&#8221; custom_padding=&#8221;100px||62px||false|&#8221; custom_padding_tablet=&#8221;100px||62px||false|&#8221; custom_padding_phone=&#8221;115px||||false|false&#8221; top_divider_style=&#8221;wave2&#8243; top_divider_height=&#8221;129px&#8221; top_divider_repeat=&#8221;1x&#8221; bottom_divider_style=&#8221;wave2&#8243; bottom_divider_height=&#8221;234px&#8221; bottom_divider_repeat=&#8221;1x&#8221; animation_style=&#8221;slide&#8221; animation_direction=&#8221;left&#8221; animation_duration=&#8221;1400ms&#8221; animation_delay=&#8221;500ms&#8221; background_last_edited=&#8221;on|phone&#8221; use_background_color_gradient_phone=&#8221;on&#8221; background_color_gradient_stops_phone=&#8221;rgba(4,54,147,0.74) 0%|rgba(0,0,0,0) 100%&#8221; background_color_gradient_overlays_image_phone=&#8221;on&#8221; locked=&#8221;off&#8221; global_colors_info=&#8221;{}&#8221;][et_pb_column type=&#8221;1_2&#8243; _builder_version=&#8221;4.16&#8243; custom_padding=&#8221;|||&#8221; global_colors_info=&#8221;{}&#8221; custom_padding__hover=&#8221;|||&#8221;][et_pb_text _builder_version=&#8221;4.19.0&#8243; header_font=&#8221;Noto Serif||||||||&#8221; header_text_color=&#8221;#ffffff&#8221; header_font_size=&#8221;31px&#8221; header_line_height=&#8221;1.3em&#8221; custom_margin=&#8221;||||false|false&#8221; global_colors_info=&#8221;{}&#8221;]<\/p>\n<h1>Cruise on P\u00e4rnu Bay<\/h1>\n<p>[\/et_pb_text][et_pb_text _builder_version=&#8221;4.19.0&#8243; text_font=&#8221;Open Sans||||||||&#8221; text_text_color=&#8221;#ffffff&#8221; text_font_size=&#8221;16px&#8221; text_line_height=&#8221;1.8em&#8221; custom_margin=&#8221;-4px||0px||false|false&#8221; custom_padding=&#8221;||0px||false|false&#8221; hover_enabled=&#8221;0&#8243; global_colors_info=&#8221;{}&#8221; sticky_enabled=&#8221;0&#8243;]<\/p>\n<p>Come and spend a stylish and active summer holiday in P\u00e4rnu.<\/p>\n<ul>\n<li>2-hour cruise on P\u00e4rnu Bay -190\u20ac<\/li>\n<li>3-hour cruise in P\u00e4rnu Bay -290\u20ac<\/li>\n<\/ul>\n<p>We offer you the opportunity to celebrate an anniversary, organize a corporate event, or a bachelorette party on P\u00e4rnu Bay. It is also possible to order catering for the sea trip.<\/p>\n<p>Find out more about our options:<\/p>\n<p>[\/et_pb_text][et_pb_button button_url=&#8221;https:\/\/jahtsinilind.ee\/en\/?page_id=514&#8243; button_text=&#8221;CATERING&#8221; button_alignment=&#8221;left&#8221; _builder_version=&#8221;4.19.0&#8243; custom_button=&#8221;on&#8221; button_text_size=&#8221;12px&#8221; button_text_color=&#8221;#ffffff&#8221; button_bg_color=&#8221;#C1B086&#8243; button_border_width=&#8221;1px&#8221; button_border_color=&#8221;#C1B086&#8243; button_border_radius=&#8221;100px&#8221; button_letter_spacing=&#8221;1px&#8221; button_font=&#8221;Open Sans|700|||||||&#8221; button_use_icon=&#8221;off&#8221; z_index=&#8221;999&#8243; custom_margin=&#8221;30px||20px||false|false&#8221; custom_padding=&#8221;17px|48px|17px|48px|true|true&#8221; animation_style=&#8221;slide&#8221; hover_enabled=&#8221;0&#8243; locked=&#8221;off&#8221; global_colors_info=&#8221;{}&#8221; button_letter_spacing__hover_enabled=&#8221;on&#8221; button_letter_spacing__hover=&#8221;1px&#8221; button_text_color__hover_enabled=&#8221;on&#8221; button_text_color__hover=&#8221;#ffffff&#8221; button_bg_color__hover_enabled=&#8221;on&#8221; button_bg_color__hover=&#8221;#3F9CC1&#8243; button_bg_enable_color__hover=&#8221;on&#8221; button_border_color__hover_enabled=&#8221;on&#8221; button_border_color__hover=&#8221;#3F9CC1&#8243; sticky_enabled=&#8221;0&#8243;][\/et_pb_button][et_pb_button button_url=&#8221;https:\/\/jahtsinilind.ee\/en\/corporate-event-at-sea\/&#8221; button_text=&#8221;CORPORATE EVENT&#8221; button_alignment=&#8221;left&#8221; _builder_version=&#8221;4.19.0&#8243; custom_button=&#8221;on&#8221; button_text_size=&#8221;12px&#8221; button_text_color=&#8221;#ffffff&#8221; button_bg_color=&#8221;#C1B086&#8243; button_border_width=&#8221;1px&#8221; button_border_color=&#8221;#C1B086&#8243; button_border_radius=&#8221;100px&#8221; button_letter_spacing=&#8221;1px&#8221; button_font=&#8221;Open Sans|700|||||||&#8221; button_use_icon=&#8221;off&#8221; z_index=&#8221;999&#8243; custom_margin=&#8221;7px||100px||false|false&#8221; custom_margin_tablet=&#8221;7px||100px||false|false&#8221; custom_margin_phone=&#8221;||0px||false|false&#8221; custom_margin_last_edited=&#8221;on|phone&#8221; custom_padding=&#8221;17px|48px|17px|48px|true|true&#8221; animation_style=&#8221;slide&#8221; locked=&#8221;off&#8221; global_colors_info=&#8221;{}&#8221; button_letter_spacing__hover_enabled=&#8221;on&#8221; button_letter_spacing__hover=&#8221;1px&#8221; button_text_color__hover_enabled=&#8221;on&#8221; button_text_color__hover=&#8221;#ffffff&#8221; button_bg_color__hover_enabled=&#8221;on&#8221; button_bg_color__hover=&#8221;#3F9CC1&#8243; button_bg_enable_color__hover=&#8221;on&#8221; button_border_color__hover_enabled=&#8221;on&#8221; button_border_color__hover=&#8221;#3F9CC1&#8243;][\/et_pb_button][\/et_pb_column][et_pb_column type=&#8221;1_2&#8243; specialty_columns=&#8221;2&#8243; _builder_version=&#8221;4.16&#8243; custom_padding=&#8221;|||&#8221; global_colors_info=&#8221;{}&#8221; custom_padding__hover=&#8221;|||&#8221;][et_pb_row_inner custom_padding_last_edited=&#8221;on|desktop&#8221; _builder_version=&#8221;4.19.0&#8243; background_enable_color=&#8221;off&#8221; background_enable_image=&#8221;off&#8221; background_size=&#8221;initial&#8221; background_position=&#8221;top_left&#8221; custom_margin=&#8221;2px||||false|false&#8221; custom_padding=&#8221;0px|0px|0px|0px|true|true&#8221; custom_padding_tablet=&#8221;&#8221; custom_padding_phone=&#8221;20px|20px|50px|20px|false|true&#8221; animation_direction=&#8221;left&#8221; border_radii=&#8221;on|25px|25px|25px|25px&#8221; global_colors_info=&#8221;{}&#8221;][et_pb_column_inner saved_specialty_column_type=&#8221;1_2&#8243; _builder_version=&#8221;4.16&#8243; global_colors_info=&#8221;{}&#8221;][et_pb_image src=&#8221;https:\/\/jahtsinilind.ee\/wp-content\/uploads\/2022\/12\/IMG_15831.jpg&#8221; title_text=&#8221;IMG_1583(1)&#8221; _builder_version=&#8221;4.19.0&#8243; _module_preset=&#8221;default&#8221; custom_margin=&#8221;18px|||||&#8221; border_radii=&#8221;on|30px|30px|30px|30px&#8221; global_colors_info=&#8221;{}&#8221;][\/et_pb_image][\/et_pb_column_inner][\/et_pb_row_inner][\/et_pb_column][\/et_pb_section]<\/p>\n","protected":false},"excerpt":{"rendered":"<p>Cruise on P\u00e4rnu BayCome and spend a stylish and active summer holiday in P\u00e4rnu. 2-hour cruise on P\u00e4rnu Bay -190\u20ac 3-hour cruise in P\u00e4rnu Bay -290\u20ac We offer you the opportunity to celebrate an anniversary, organize a corporate event, or a bachelorette party on P\u00e4rnu Bay. It is also possible to order catering for the [&hellip;]<\/p>\n","protected":false},"author":2,"featured_media":0,"parent":0,"menu_order":0,"comment_status":"closed","ping_status":"closed","template":"","meta":{"_et_pb_use_builder":"on","_et_pb_old_content":"","_et_gb_content_width":"","footnotes":""},"class_list":["post-492","page","type-page","status-publish","hentry"],"_links":{"self":[{"href":"https:\/\/jahtsinilind.ee\/en\/wp-json\/wp\/v2\/pages\/492","targetHints":{"allow":["GET"]}}],"collection":[{"href":"https:\/\/jahtsinilind.ee\/en\/wp-json\/wp\/v2\/pages"}],"about":[{"href":"https:\/\/jahtsinilind.ee\/en\/wp-json\/wp\/v2\/types\/page"}],"author":[{"embeddable":true,"href":"https:\/\/jahtsinilind.ee\/en\/wp-json\/wp\/v2\/users\/2"}],"replies":[{"embeddable":true,"href":"https:\/\/jahtsinilind.ee\/en\/wp-json\/wp\/v2\/comments?post=492"}],"version-history":[{"count":12,"href":"https:\/\/jahtsinilind.ee\/en\/wp-json\/wp\/v2\/pages\/492\/revisions"}],"predecessor-version":[{"id":648,"href":"https:\/\/jahtsinilind.ee\/en\/wp-json\/wp\/v2\/pages\/492\/revisions\/648"}],"wp:attachment":[{"href":"https:\/\/jahtsinilind.ee\/en\/wp-json\/wp\/v2\/media?parent=492"}],"curies":[{"name":"wp","href":"https:\/\/api.w.org\/{rel}","templated":true}]}}